{"id":319,"date":"2021-02-07T19:42:55","date_gmt":"2021-02-07T18:42:55","guid":{"rendered":"https:\/\/studioimagin.com\/?page_id=319"},"modified":"2021-02-08T12:24:32","modified_gmt":"2021-02-08T11:24:32","slug":"accueil","status":"publish","type":"page","link":"https:\/\/studioimagin.com\/","title":{"rendered":"Accueil"},"content":{"rendered":"<p>[et_pb_section fb_built=\u00a0\u00bb1&Prime; _builder_version=\u00a0\u00bb4.8.2&Prime; _module_preset=\u00a0\u00bbdefault\u00a0\u00bb background_image=\u00a0\u00bbhttps:\/\/studioimagin.com\/wp-content\/uploads\/2018\/03\/Fond_page_gris.jpg\u00a0\u00bb min_height=\u00a0\u00bb455px\u00a0\u00bb height=\u00a0\u00bb300px\u00a0\u00bb custom_padding=\u00a0\u00bb||116px|||\u00a0\u00bb][et_pb_row _builder_version=\u00a0\u00bb4.8.2&Prime; _module_preset=\u00a0\u00bbdefault\u00a0\u00bb min_height=\u00a0\u00bb230.1px\u00a0\u00bb custom_padding=\u00a0\u00bb35px||35px||true|false\u00a0\u00bb][et_pb_column type=\u00a0\u00bb4_4&Prime; _builder_version=\u00a0\u00bb4.8.2&Prime; _module_preset=\u00a0\u00bbdefault\u00a0\u00bb][et_pb_text _builder_version=\u00a0\u00bb4.8.2&Prime; _module_preset=\u00a0\u00bbdefault\u00a0\u00bb header_font_size=\u00a0\u00bb68px\u00a0\u00bb header_letter_spacing=\u00a0\u00bb40px\u00a0\u00bb header_3_font=\u00a0\u00bb|300|||||||\u00a0\u00bb header_3_font_size=\u00a0\u00bb20px\u00a0\u00bb header_3_letter_spacing=\u00a0\u00bb25px\u00a0\u00bb header_3_line_height=\u00a0\u00bb3em\u00a0\u00bb header_3_text_shadow_style=\u00a0\u00bbpreset2&Prime;]<\/p>\n<h3 style=\"text-align: center;\"><strong>Studio de cr\u00e9ation<\/strong><\/h3>\n<h1 style=\"text-align: center;\"><strong>IMAG&rsquo;IN<\/strong><\/h1>\n<p>[\/et_pb_text][et_pb_text _builder_version=\u00a0\u00bb4.8.2&Prime; _module_preset=\u00a0\u00bbdefault\u00a0\u00bb header_font_size=\u00a0\u00bb68px\u00a0\u00bb header_letter_spacing=\u00a0\u00bb40px\u00a0\u00bb header_2_font=\u00a0\u00bbBad Script||||||||\u00a0\u00bb header_2_text_color=\u00a0\u00bb#FFFFFF\u00a0\u00bb header_2_font_size=\u00a0\u00bb43px\u00a0\u00bb header_2_letter_spacing=\u00a0\u00bb12px\u00a0\u00bb header_3_font=\u00a0\u00bb|300|||||||\u00a0\u00bb header_3_font_size=\u00a0\u00bb20px\u00a0\u00bb header_3_letter_spacing=\u00a0\u00bb25px\u00a0\u00bb header_3_line_height=\u00a0\u00bb3em\u00a0\u00bb header_2_text_shadow_style=\u00a0\u00bbpreset2&Prime; header_2_text_shadow_color=\u00a0\u00bbrgba(0,0,0,0.43)\u00a0\u00bb header_3_text_shadow_style=\u00a0\u00bbpreset2&Prime;]<\/p>\n<h2 style=\"text-align: center;\"><b>L&rsquo;artisan de votre communication<\/b><\/h2>\n<p>[\/et_pb_text][\/et_pb_column][\/et_pb_row][\/et_pb_section][et_pb_section fb_built=\u00a0\u00bb1&Prime; _builder_version=\u00a0\u00bb4.8.2&Prime; _module_preset=\u00a0\u00bbdefault\u00a0\u00bb hover_enabled=\u00a0\u00bb0&Prime; sticky_enabled=\u00a0\u00bb0&Prime;][et_pb_row _builder_version=\u00a0\u00bb3.25&Prime; background_size=\u00a0\u00bbinitial\u00a0\u00bb background_position=\u00a0\u00bbtop_left\u00a0\u00bb background_repeat=\u00a0\u00bbrepeat\u00a0\u00bb][et_pb_column type=\u00a0\u00bb4_4&Prime; _builder_version=\u00a0\u00bb3.25&Prime; custom_padding=\u00a0\u00bb|||\u00a0\u00bb custom_padding__hover=\u00a0\u00bb|||\u00a0\u00bb][et_pb_text _builder_version=\u00a0\u00bb4.8.2&Prime; text_font_size=\u00a0\u00bb18px\u00a0\u00bb text_letter_spacing=\u00a0\u00bb1px\u00a0\u00bb text_line_height=\u00a0\u00bb1.8em\u00a0\u00bb header_text_color=\u00a0\u00bb#B3B3B3&Prime; header_font_size=\u00a0\u00bb57px\u00a0\u00bb background_size=\u00a0\u00bbinitial\u00a0\u00bb background_position=\u00a0\u00bbtop_left\u00a0\u00bb background_repeat=\u00a0\u00bbrepeat\u00a0\u00bb custom_margin=\u00a0\u00bb||51px|||\u00a0\u00bb custom_padding=\u00a0\u00bb|||0px||\u00a0\u00bb]<\/p>\n<h1>Histoire et Passion<\/h1>\n<p>[\/et_pb_text][et_pb_text _builder_version=\u00a0\u00bb4.8.2&Prime; text_font_size=\u00a0\u00bb18px\u00a0\u00bb text_letter_spacing=\u00a0\u00bb1px\u00a0\u00bb text_line_height=\u00a0\u00bb1.8em\u00a0\u00bb background_size=\u00a0\u00bbinitial\u00a0\u00bb background_position=\u00a0\u00bbtop_left\u00a0\u00bb background_repeat=\u00a0\u00bbrepeat\u00a0\u00bb custom_padding=\u00a0\u00bb|||0px||\u00a0\u00bb]<\/p>\n<h2><span style=\"color: #0f66b0;\"><strong>La passion de cr\u00e9er et le go\u00fbt du d\u00e9fi<\/strong><\/span><\/h2>\n<p><strong><\/strong><\/p>\n<p><strong><\/strong><\/p>\n<p><em><strong>\u00ab\u00a0Mai 1992. J\u2019ai 25 ans.<\/strong><span style=\"font-size: 14px;\">\u00a0<\/span><\/em><\/p>\n<p><em>Imag\u2019In vient de na\u00eetre.<\/em><\/p>\n<p><em>Apr\u00e8s avoir occup\u00e9 5 ann\u00e9es durant un poste de graphiste, puis d\u2019infographiste chez <strong>ANSTETT Communication \u00e0 Strasbourg,<\/strong> j\u2019ai d\u00e9cid\u00e9 de me lancer \u00e0 mon tour dans l\u2019aventure de la communication et de la publicit\u00e9.<\/em><\/p>\n<p><strong><em>Un d\u00e9fi audacieux que je me r\u00e9jouis chaque jour d\u2019avoir relev\u00e9.<\/em><\/strong><\/p>\n<p><em>Mon expertise\u00a0n&rsquo;a pas de fronti\u00e8re et avec l&#8217;email, le t\u00e9l\u00e9phone, Skype&#8230; nous pouvons facilement \u00e9changer m\u00eame \u00e0 l&rsquo;autre bout du monde&#8230; Une libert\u00e9 qui ne fait qu&rsquo;enrichir ma cr\u00e9ativit\u00e9.<\/em><\/p>\n<p><em>Et qu&rsquo;importe votre budget ! L&rsquo;id\u00e9e c&rsquo;est de pouvoir proposer des cr\u00e9ations ouvertes \u00e0 tous, et accessibles m\u00eame aux plus petites bourses&#8230; Que vous soyez un gros groupe, une PME, un ind\u00e9pendant, un commer\u00e7ant, un restaurateur, un artiste&#8230; <strong>j&rsquo;imagin&rsquo;rai pour vous une communication qui vous ressemble.\u00a0\u00bb<\/strong><\/em><\/p>\n<blockquote>\n<p>Cath Paradis<\/p>\n<\/blockquote>\n<p>&nbsp;<\/p>\n<p>[\/et_pb_text][et_pb_text _builder_version=\u00a0\u00bb4.8.2&Prime; text_font_size=\u00a0\u00bb18px\u00a0\u00bb text_letter_spacing=\u00a0\u00bb1px\u00a0\u00bb text_line_height=\u00a0\u00bb1.8em\u00a0\u00bb background_size=\u00a0\u00bbinitial\u00a0\u00bb background_position=\u00a0\u00bbtop_left\u00a0\u00bb background_repeat=\u00a0\u00bbrepeat\u00a0\u00bb custom_padding=\u00a0\u00bb|||0px||\u00a0\u00bb]<\/p>\n<p><img loading=\"lazy\" decoding=\"async\" class=\"alignnone wp-image-233 size-full\" src=\"https:\/\/studioimagin.com\/wp-content\/uploads\/2018\/03\/Logo-Imagin-studiodecreation-moyen.jpg\" alt=\"\" width=\"500\" height=\"103\" style=\"font-size: 18px;\" srcset=\"https:\/\/studioimagin.com\/wp-content\/uploads\/2018\/03\/Logo-Imagin-studiodecreation-moyen.jpg 500w, https:\/\/studioimagin.com\/wp-content\/uploads\/2018\/03\/Logo-Imagin-studiodecreation-moyen-300x62.jpg 300w, https:\/\/studioimagin.com\/wp-content\/uploads\/2018\/03\/Logo-Imagin-studiodecreation-moyen-220x45.jpg 220w\" sizes=\"(max-width: 500px) 100vw, 500px\" \/><b style=\"font-size: 18px;\"> <\/b><strong style=\"font-size: 18px;\"><b>\u00a0 \u00a0 \u00a0 \u00a0 \u00a0\u00a0<\/b><\/strong><\/p>\n<h3><\/h3>\n<h3><span style=\"color: #999999;\"><strong><b><\/b><\/strong><\/span><\/h3>\n<h3><span style=\"color: #999999;\"><strong><b>L&rsquo;artisan de votre communication<\/b><\/strong><\/span><\/h3>\n<h4><span style=\"color: #999999;\"><strong>30 ans d\u2019exp\u00e9rience\u00a0au service de votre image<\/strong><\/span><\/h4>\n<p><span style=\"color: #999999;\"><strong><\/strong><\/span><\/p>\n<p><span style=\"color: #999999;\"><strong><\/strong><\/span><\/p>\n<p><span style=\"color: #999999;\"><strong><\/strong><\/span><\/p>\n<p><strong><span style=\"color: #999999;\">Imag\u2019inez<\/span><\/strong> la complicit\u00e9<br \/> L\u2019\u00e9dition, la r\u00e9daction, l\u2019illustration, la photographie et l\u2019impression&#8230;<br \/> Une \u00e9quipe de partenaires fid\u00e8les et efficaces pour r\u00e9pondre au plus juste \u00e0 toutes vos demandes.<\/p>\n<p><span style=\"color: #999999;\"><strong>Imag\u2019inez<\/strong><\/span>\u00a0la convergence<br \/> Une \u00e9quipe qui s\u2019engage \u00e0 vos c\u00f4t\u00e9s pour contribuer \u00e0 votre r\u00e9ussite.<\/p>\n<p><strong><span style=\"color: #999999;\">Imag\u2019inez<\/span><\/strong> l\u2019exigence<br \/> Une \u00e9nergie qui jour apr\u00e8s jour avec humilit\u00e9 traduit votre talent et vos id\u00e9es.<\/p>\n<p><span style=\"color: #999999;\"><strong>Imag\u2019inez<\/strong><\/span> l\u2019audace<br \/> Une \u00e9quipe qui ose entreprendre et donne de l\u2019impulsion \u00e0 vos projets.<\/p>\n<p><span style=\"color: #999999;\"><strong>Imag\u2019inez<\/strong><\/span> la coh\u00e9sion<br \/> Une \u00e9quipe qui travaille ensemble dans le respect r\u00e9ciproque et dans l\u2019esprit de d\u00e9passement de soi.<\/p>\n<p>[\/et_pb_text][\/et_pb_column][\/et_pb_row][\/et_pb_section]<\/p>\n","protected":false},"excerpt":{"rendered":"<p>Studio de cr\u00e9ation IMAG&rsquo;INL&rsquo;artisan de votre communicationHistoire et PassionLa passion de cr\u00e9er et le go\u00fbt du d\u00e9fi \u00ab\u00a0Mai 1992. J\u2019ai 25 ans.\u00a0 Imag\u2019In vient de na\u00eetre. Apr\u00e8s avoir occup\u00e9 5 ann\u00e9es durant un poste de graphiste, puis d\u2019infographiste chez ANSTETT Communication \u00e0 Strasbourg, j\u2019ai d\u00e9cid\u00e9 de me lancer \u00e0 mon tour dans l\u2019aventure de la [&hellip;]<\/p>\n","protected":false},"author":1,"featured_media":0,"parent":0,"menu_order":0,"comment_status":"closed","ping_status":"closed","template":"","meta":{"_et_pb_use_builder":"on","_et_pb_old_content":"","_et_gb_content_width":"","footnotes":""},"yoast_head":"<!-- This site is optimized with the Yoast SEO plugin v23.5 - https:\/\/yoast.com\/wordpress\/plugins\/seo\/ -->\n<title>Accueil - Studio Imag&#039;in<\/title>\n<meta name=\"robots\" content=\"noindex, follow, max-snippet:-1, max-image-preview:large, max-video-preview:-1\" \/>\n<meta property=\"og:locale\" content=\"fr_FR\" \/>\n<meta property=\"og:type\" content=\"article\" \/>\n<meta property=\"og:title\" content=\"Accueil - Studio Imag&#039;in\" \/>\n<meta property=\"og:description\" content=\"Studio de cr\u00e9ation IMAG&#039;INL&#039;artisan de votre communicationHistoire et PassionLa passion de cr\u00e9er et le go\u00fbt du d\u00e9fi &quot;Mai 1992. J\u2019ai 25 ans.\u00a0 Imag\u2019In vient de na\u00eetre. Apr\u00e8s avoir occup\u00e9 5 ann\u00e9es durant un poste de graphiste, puis d\u2019infographiste chez ANSTETT Communication \u00e0 Strasbourg, j\u2019ai d\u00e9cid\u00e9 de me lancer \u00e0 mon tour dans l\u2019aventure de la [&hellip;]\" \/>\n<meta property=\"og:url\" content=\"https:\/\/studioimagin.com\/\" \/>\n<meta property=\"og:site_name\" content=\"Studio Imag&#039;in\" \/>\n<meta property=\"article:modified_time\" content=\"2021-02-08T11:24:32+00:00\" \/>\n<meta property=\"og:image\" content=\"https:\/\/studioimagin.com\/wp-content\/uploads\/2018\/03\/Logo-Imagin-studiodecreation-moyen.jpg\" \/>\n<meta name=\"twitter:card\" content=\"summary_large_image\" \/>\n<meta name=\"twitter:label1\" content=\"Dur\u00e9e de lecture estim\u00e9e\" \/>\n\t<meta name=\"twitter:data1\" content=\"3 minutes\" \/>\n<script type=\"application\/ld+json\" class=\"yoast-schema-graph\">{\"@context\":\"https:\/\/schema.org\",\"@graph\":[{\"@type\":\"WebPage\",\"@id\":\"https:\/\/studioimagin.com\/\",\"url\":\"https:\/\/studioimagin.com\/\",\"name\":\"Accueil - Studio Imag&#039;in\",\"isPartOf\":{\"@id\":\"https:\/\/studioimagin.com\/#website\"},\"primaryImageOfPage\":{\"@id\":\"https:\/\/studioimagin.com\/#primaryimage\"},\"image\":{\"@id\":\"https:\/\/studioimagin.com\/#primaryimage\"},\"thumbnailUrl\":\"https:\/\/studioimagin.com\/wp-content\/uploads\/2018\/03\/Logo-Imagin-studiodecreation-moyen.jpg\",\"datePublished\":\"2021-02-07T18:42:55+00:00\",\"dateModified\":\"2021-02-08T11:24:32+00:00\",\"breadcrumb\":{\"@id\":\"https:\/\/studioimagin.com\/#breadcrumb\"},\"inLanguage\":\"fr-FR\",\"potentialAction\":[{\"@type\":\"ReadAction\",\"target\":[\"https:\/\/studioimagin.com\/\"]}]},{\"@type\":\"ImageObject\",\"inLanguage\":\"fr-FR\",\"@id\":\"https:\/\/studioimagin.com\/#primaryimage\",\"url\":\"https:\/\/studioimagin.com\/wp-content\/uploads\/2018\/03\/Logo-Imagin-studiodecreation-moyen.jpg\",\"contentUrl\":\"https:\/\/studioimagin.com\/wp-content\/uploads\/2018\/03\/Logo-Imagin-studiodecreation-moyen.jpg\",\"width\":500,\"height\":103},{\"@type\":\"BreadcrumbList\",\"@id\":\"https:\/\/studioimagin.com\/#breadcrumb\",\"itemListElement\":[{\"@type\":\"ListItem\",\"position\":1,\"name\":\"Accueil\",\"item\":\"https:\/\/studioimagin.com\/\"},{\"@type\":\"ListItem\",\"position\":2,\"name\":\"Accueil\"}]},{\"@type\":\"WebSite\",\"@id\":\"https:\/\/studioimagin.com\/#website\",\"url\":\"https:\/\/studioimagin.com\/\",\"name\":\"Studio Imag&#039;in\",\"description\":\"Agence de communication, publicit\u00e9, cr\u00e9ation visuelle\",\"potentialAction\":[{\"@type\":\"SearchAction\",\"target\":{\"@type\":\"EntryPoint\",\"urlTemplate\":\"https:\/\/studioimagin.com\/?s={search_term_string}\"},\"query-input\":{\"@type\":\"PropertyValueSpecification\",\"valueRequired\":true,\"valueName\":\"search_term_string\"}}],\"inLanguage\":\"fr-FR\"}]}<\/script>\n<!-- \/ Yoast SEO plugin. -->","yoast_head_json":{"title":"Accueil - Studio Imag&#039;in","robots":{"index":"noindex","follow":"follow","max-snippet":"max-snippet:-1","max-image-preview":"max-image-preview:large","max-video-preview":"max-video-preview:-1"},"og_locale":"fr_FR","og_type":"article","og_title":"Accueil - Studio Imag&#039;in","og_description":"Studio de cr\u00e9ation IMAG'INL'artisan de votre communicationHistoire et PassionLa passion de cr\u00e9er et le go\u00fbt du d\u00e9fi \"Mai 1992. J\u2019ai 25 ans.\u00a0 Imag\u2019In vient de na\u00eetre. Apr\u00e8s avoir occup\u00e9 5 ann\u00e9es durant un poste de graphiste, puis d\u2019infographiste chez ANSTETT Communication \u00e0 Strasbourg, j\u2019ai d\u00e9cid\u00e9 de me lancer \u00e0 mon tour dans l\u2019aventure de la [&hellip;]","og_url":"https:\/\/studioimagin.com\/","og_site_name":"Studio Imag&#039;in","article_modified_time":"2021-02-08T11:24:32+00:00","og_image":[{"url":"https:\/\/studioimagin.com\/wp-content\/uploads\/2018\/03\/Logo-Imagin-studiodecreation-moyen.jpg"}],"twitter_card":"summary_large_image","twitter_misc":{"Dur\u00e9e de lecture estim\u00e9e":"3 minutes"},"schema":{"@context":"https:\/\/schema.org","@graph":[{"@type":"WebPage","@id":"https:\/\/studioimagin.com\/","url":"https:\/\/studioimagin.com\/","name":"Accueil - Studio Imag&#039;in","isPartOf":{"@id":"https:\/\/studioimagin.com\/#website"},"primaryImageOfPage":{"@id":"https:\/\/studioimagin.com\/#primaryimage"},"image":{"@id":"https:\/\/studioimagin.com\/#primaryimage"},"thumbnailUrl":"https:\/\/studioimagin.com\/wp-content\/uploads\/2018\/03\/Logo-Imagin-studiodecreation-moyen.jpg","datePublished":"2021-02-07T18:42:55+00:00","dateModified":"2021-02-08T11:24:32+00:00","breadcrumb":{"@id":"https:\/\/studioimagin.com\/#breadcrumb"},"inLanguage":"fr-FR","potentialAction":[{"@type":"ReadAction","target":["https:\/\/studioimagin.com\/"]}]},{"@type":"ImageObject","inLanguage":"fr-FR","@id":"https:\/\/studioimagin.com\/#primaryimage","url":"https:\/\/studioimagin.com\/wp-content\/uploads\/2018\/03\/Logo-Imagin-studiodecreation-moyen.jpg","contentUrl":"https:\/\/studioimagin.com\/wp-content\/uploads\/2018\/03\/Logo-Imagin-studiodecreation-moyen.jpg","width":500,"height":103},{"@type":"BreadcrumbList","@id":"https:\/\/studioimagin.com\/#breadcrumb","itemListElement":[{"@type":"ListItem","position":1,"name":"Accueil","item":"https:\/\/studioimagin.com\/"},{"@type":"ListItem","position":2,"name":"Accueil"}]},{"@type":"WebSite","@id":"https:\/\/studioimagin.com\/#website","url":"https:\/\/studioimagin.com\/","name":"Studio Imag&#039;in","description":"Agence de communication, publicit\u00e9, cr\u00e9ation visuelle","potentialAction":[{"@type":"SearchAction","target":{"@type":"EntryPoint","urlTemplate":"https:\/\/studioimagin.com\/?s={search_term_string}"},"query-input":{"@type":"PropertyValueSpecification","valueRequired":true,"valueName":"search_term_string"}}],"inLanguage":"fr-FR"}]}},"_links":{"self":[{"href":"https:\/\/studioimagin.com\/index.php?rest_route=\/wp\/v2\/pages\/319"}],"collection":[{"href":"https:\/\/studioimagin.com\/index.php?rest_route=\/wp\/v2\/pages"}],"about":[{"href":"https:\/\/studioimagin.com\/index.php?rest_route=\/wp\/v2\/types\/page"}],"author":[{"embeddable":true,"href":"https:\/\/studioimagin.com\/index.php?rest_route=\/wp\/v2\/users\/1"}],"replies":[{"embeddable":true,"href":"https:\/\/studioimagin.com\/index.php?rest_route=%2Fwp%2Fv2%2Fcomments&post=319"}],"version-history":[{"count":0,"href":"https:\/\/studioimagin.com\/index.php?rest_route=\/wp\/v2\/pages\/319\/revisions"}],"wp:attachment":[{"href":"https:\/\/studioimagin.com\/index.php?rest_route=%2Fwp%2Fv2%2Fmedia&parent=319"}],"curies":[{"name":"wp","href":"https:\/\/api.w.org\/{rel}","templated":true}]}}