{"id":174,"date":"2018-03-02T13:15:47","date_gmt":"2018-03-02T13:15:47","guid":{"rendered":"https:\/\/studioimagin.com\/?page_id=174"},"modified":"2021-02-26T15:36:33","modified_gmt":"2021-02-26T14:36:33","slug":"coordonnees","status":"publish","type":"page","link":"https:\/\/studioimagin.com\/?page_id=174","title":{"rendered":"Contact"},"content":{"rendered":"<p>[et_pb_section fb_built=\u00a0\u00bb1&Prime; _builder_version=\u00a0\u00bb4.8.2&Prime; _module_preset=\u00a0\u00bbdefault\u00a0\u00bb background_image=\u00a0\u00bbhttps:\/\/studioimagin.com\/wp-content\/uploads\/2018\/03\/Fond_page_gris.jpg\u00a0\u00bb min_height=\u00a0\u00bb455px\u00a0\u00bb height=\u00a0\u00bb300px\u00a0\u00bb custom_padding=\u00a0\u00bb||116px|||\u00a0\u00bb][et_pb_row _builder_version=\u00a0\u00bb4.8.2&Prime; _module_preset=\u00a0\u00bbdefault\u00a0\u00bb min_height=\u00a0\u00bb349.1px\u00a0\u00bb custom_padding=\u00a0\u00bb78px||78px||true|false\u00a0\u00bb][et_pb_column type=\u00a0\u00bb4_4&Prime; _builder_version=\u00a0\u00bb4.8.2&Prime; _module_preset=\u00a0\u00bbdefault\u00a0\u00bb][et_pb_text _builder_version=\u00a0\u00bb4.8.2&Prime; _module_preset=\u00a0\u00bbdefault\u00a0\u00bb header_font_size=\u00a0\u00bb44px\u00a0\u00bb]<\/p>\n<h1 style=\"text-align: center;\"><b>Nous contacter<\/b><\/h1>\n<p>[\/et_pb_text][et_pb_text _builder_version=\u00a0\u00bb4.8.2&Prime; _module_preset=\u00a0\u00bbdefault\u00a0\u00bb header_2_line_height=\u00a0\u00bb1.4em\u00a0\u00bb header_3_font_size=\u00a0\u00bb17px\u00a0\u00bb header_3_line_height=\u00a0\u00bb1.4em\u00a0\u00bb custom_padding=\u00a0\u00bb||20px|||\u00a0\u00bb]<\/p>\n<h2 style=\"text-align: center;\"><em><strong>Vous avez-un projet ?<\/strong><\/em><\/h2>\n<h3 style=\"text-align: center;\"><em>N&rsquo;h\u00e9sitez pas \u00e0 me laisser un message.<br \/> <\/em><em>Je mettrai tout en oeuvre pour vous imag&rsquo;iner<br \/> une communication \u00e0 votre image.<\/em><\/h3>\n<p>[\/et_pb_text][\/et_pb_column][\/et_pb_row][\/et_pb_section][et_pb_section fb_built=\u00a0\u00bb1&Prime; admin_label=\u00a0\u00bbsection\u00a0\u00bb _builder_version=\u00a0\u00bb3.22&Prime;][et_pb_row column_structure=\u00a0\u00bb2_5,3_5&Prime; _builder_version=\u00a0\u00bb4.8.2&Prime; _module_preset=\u00a0\u00bbdefault\u00a0\u00bb custom_margin=\u00a0\u00bb40px|auto||auto||\u00a0\u00bb][et_pb_column type=\u00a0\u00bb2_5&Prime; _builder_version=\u00a0\u00bb4.8.2&Prime; _module_preset=\u00a0\u00bbdefault\u00a0\u00bb][et_pb_text _builder_version=\u00a0\u00bb4.8.2&Prime; _module_preset=\u00a0\u00bbdefault\u00a0\u00bb text_font_size=\u00a0\u00bb15px\u00a0\u00bb header_4_font=\u00a0\u00bbBad Script||||||||\u00a0\u00bb header_4_font_size=\u00a0\u00bb23px\u00a0\u00bb header_4_letter_spacing=\u00a0\u00bb3px\u00a0\u00bb]<\/p>\n<h4><img loading=\"lazy\" decoding=\"async\" class=\"alignnone wp-image-233 \" src=\"https:\/\/studioimagin.com\/wp-content\/uploads\/2018\/03\/Logo-Imagin-studiodecreation-moyen.jpg\" alt=\"\" width=\"341\" height=\"70\" style=\"font-size: 15px; color: #666666; font-family: 'Open Sans', Arial, sans-serif;\" srcset=\"https:\/\/studioimagin.com\/wp-content\/uploads\/2018\/03\/Logo-Imagin-studiodecreation-moyen.jpg 500w, https:\/\/studioimagin.com\/wp-content\/uploads\/2018\/03\/Logo-Imagin-studiodecreation-moyen-300x62.jpg 300w, https:\/\/studioimagin.com\/wp-content\/uploads\/2018\/03\/Logo-Imagin-studiodecreation-moyen-220x45.jpg 220w\" sizes=\"(max-width: 341px) 100vw, 341px\" \/><\/h4>\n<p><strong>Cath PARADIS<\/strong> &#8211; 06 07 96 59 33<br \/> 290 chemin des Croix Rouge<br \/> 84300 LES TAILLADES<\/p>\n<p>&nbsp;<\/p>\n<h4><strong><em><\/em><\/strong><\/h4>\n<h4><strong><em><\/em><\/strong><\/h4>\n<h4><strong><em>L&rsquo;artisan de votre communication<\/em><\/strong><\/h4>\n<p>[\/et_pb_text][\/et_pb_column][et_pb_column type=\u00a0\u00bb3_5&Prime; _builder_version=\u00a0\u00bb4.8.2&Prime; _module_preset=\u00a0\u00bbdefault\u00a0\u00bb][et_pb_contact_form email=\u00a0\u00bbcontact@studioimagin.com\u00a0\u00bb _builder_version=\u00a0\u00bb4.8.2&Prime; _module_preset=\u00a0\u00bbdefault\u00a0\u00bb form_field_custom_padding=\u00a0\u00bb9px||9px||true|false\u00a0\u00bb custom_button=\u00a0\u00bbon\u00a0\u00bb button_icon=\u00a0\u00bb%%20%%\u00a0\u00bb][et_pb_contact_field field_id=\u00a0\u00bbName\u00a0\u00bb field_title=\u00a0\u00bbNom\u00a0\u00bb booleancheckbox_options=\u00a0\u00bb%91{%22value%22:%22%22,%22checked%22:0,%22dragID%22:-1}%93&Prime; _builder_version=\u00a0\u00bb4.8.2&Prime; button_text_size__hover_enabled=\u00a0\u00bboff\u00a0\u00bb button_one_text_size__hover_enabled=\u00a0\u00bboff\u00a0\u00bb button_two_text_size__hover_enabled=\u00a0\u00bboff\u00a0\u00bb button_text_color__hover_enabled=\u00a0\u00bboff\u00a0\u00bb button_one_text_color__hover_enabled=\u00a0\u00bboff\u00a0\u00bb button_two_text_color__hover_enabled=\u00a0\u00bboff\u00a0\u00bb button_border_width__hover_enabled=\u00a0\u00bboff\u00a0\u00bb button_one_border_width__hover_enabled=\u00a0\u00bboff\u00a0\u00bb button_two_border_width__hover_enabled=\u00a0\u00bboff\u00a0\u00bb button_border_color__hover_enabled=\u00a0\u00bboff\u00a0\u00bb button_one_border_color__hover_enabled=\u00a0\u00bboff\u00a0\u00bb button_two_border_color__hover_enabled=\u00a0\u00bboff\u00a0\u00bb button_border_radius__hover_enabled=\u00a0\u00bboff\u00a0\u00bb button_one_border_radius__hover_enabled=\u00a0\u00bboff\u00a0\u00bb button_two_border_radius__hover_enabled=\u00a0\u00bboff\u00a0\u00bb button_letter_spacing__hover_enabled=\u00a0\u00bboff\u00a0\u00bb button_one_letter_spacing__hover_enabled=\u00a0\u00bboff\u00a0\u00bb button_two_letter_spacing__hover_enabled=\u00a0\u00bboff\u00a0\u00bb button_bg_color__hover_enabled=\u00a0\u00bboff\u00a0\u00bb button_one_bg_color__hover_enabled=\u00a0\u00bboff\u00a0\u00bb button_two_bg_color__hover_enabled=\u00a0\u00bboff\u00a0\u00bb][\/et_pb_contact_field][et_pb_contact_field field_id=\u00a0\u00bbPrenom\u00a0\u00bb field_title=\u00a0\u00bbPr\u00e9nom\u00a0\u00bb _builder_version=\u00a0\u00bb4.8.2&Prime; button_text_size__hover_enabled=\u00a0\u00bboff\u00a0\u00bb button_one_text_size__hover_enabled=\u00a0\u00bboff\u00a0\u00bb button_two_text_size__hover_enabled=\u00a0\u00bboff\u00a0\u00bb button_text_color__hover_enabled=\u00a0\u00bboff\u00a0\u00bb button_one_text_color__hover_enabled=\u00a0\u00bboff\u00a0\u00bb button_two_text_color__hover_enabled=\u00a0\u00bboff\u00a0\u00bb button_border_width__hover_enabled=\u00a0\u00bboff\u00a0\u00bb button_one_border_width__hover_enabled=\u00a0\u00bboff\u00a0\u00bb button_two_border_width__hover_enabled=\u00a0\u00bboff\u00a0\u00bb button_border_color__hover_enabled=\u00a0\u00bboff\u00a0\u00bb button_one_border_color__hover_enabled=\u00a0\u00bboff\u00a0\u00bb button_two_border_color__hover_enabled=\u00a0\u00bboff\u00a0\u00bb button_border_radius__hover_enabled=\u00a0\u00bboff\u00a0\u00bb button_one_border_radius__hover_enabled=\u00a0\u00bboff\u00a0\u00bb button_two_border_radius__hover_enabled=\u00a0\u00bboff\u00a0\u00bb button_letter_spacing__hover_enabled=\u00a0\u00bboff\u00a0\u00bb button_one_letter_spacing__hover_enabled=\u00a0\u00bboff\u00a0\u00bb button_two_letter_spacing__hover_enabled=\u00a0\u00bboff\u00a0\u00bb button_bg_color__hover_enabled=\u00a0\u00bboff\u00a0\u00bb button_one_bg_color__hover_enabled=\u00a0\u00bboff\u00a0\u00bb button_two_bg_color__hover_enabled=\u00a0\u00bboff\u00a0\u00bb][\/et_pb_contact_field][et_pb_contact_field field_id=\u00a0\u00bbEmail\u00a0\u00bb field_title=\u00a0\u00bbE-mail\u00a0\u00bb field_type=\u00a0\u00bbemail\u00a0\u00bb _builder_version=\u00a0\u00bb4.8.2&Prime; button_text_size__hover_enabled=\u00a0\u00bboff\u00a0\u00bb button_one_text_size__hover_enabled=\u00a0\u00bboff\u00a0\u00bb button_two_text_size__hover_enabled=\u00a0\u00bboff\u00a0\u00bb button_text_color__hover_enabled=\u00a0\u00bboff\u00a0\u00bb button_one_text_color__hover_enabled=\u00a0\u00bboff\u00a0\u00bb button_two_text_color__hover_enabled=\u00a0\u00bboff\u00a0\u00bb button_border_width__hover_enabled=\u00a0\u00bboff\u00a0\u00bb button_one_border_width__hover_enabled=\u00a0\u00bboff\u00a0\u00bb button_two_border_width__hover_enabled=\u00a0\u00bboff\u00a0\u00bb button_border_color__hover_enabled=\u00a0\u00bboff\u00a0\u00bb button_one_border_color__hover_enabled=\u00a0\u00bboff\u00a0\u00bb button_two_border_color__hover_enabled=\u00a0\u00bboff\u00a0\u00bb button_border_radius__hover_enabled=\u00a0\u00bboff\u00a0\u00bb button_one_border_radius__hover_enabled=\u00a0\u00bboff\u00a0\u00bb button_two_border_radius__hover_enabled=\u00a0\u00bboff\u00a0\u00bb button_letter_spacing__hover_enabled=\u00a0\u00bboff\u00a0\u00bb button_one_letter_spacing__hover_enabled=\u00a0\u00bboff\u00a0\u00bb button_two_letter_spacing__hover_enabled=\u00a0\u00bboff\u00a0\u00bb button_bg_color__hover_enabled=\u00a0\u00bboff\u00a0\u00bb button_one_bg_color__hover_enabled=\u00a0\u00bboff\u00a0\u00bb button_two_bg_color__hover_enabled=\u00a0\u00bboff\u00a0\u00bb][\/et_pb_contact_field][et_pb_contact_field field_id=\u00a0\u00bbTelephone\u00a0\u00bb field_title=\u00a0\u00bbT\u00e9l\u00e9phone\u00a0\u00bb field_type=\u00a0\u00bbemail\u00a0\u00bb booleancheckbox_options=\u00a0\u00bb%91{%22value%22:%22%22,%22checked%22:0,%22dragID%22:-1}%93&Prime; required_mark=\u00a0\u00bboff\u00a0\u00bb _builder_version=\u00a0\u00bb4.8.2&Prime; button_text_size__hover_enabled=\u00a0\u00bboff\u00a0\u00bb button_one_text_size__hover_enabled=\u00a0\u00bboff\u00a0\u00bb button_two_text_size__hover_enabled=\u00a0\u00bboff\u00a0\u00bb button_text_color__hover_enabled=\u00a0\u00bboff\u00a0\u00bb button_one_text_color__hover_enabled=\u00a0\u00bboff\u00a0\u00bb button_two_text_color__hover_enabled=\u00a0\u00bboff\u00a0\u00bb button_border_width__hover_enabled=\u00a0\u00bboff\u00a0\u00bb button_one_border_width__hover_enabled=\u00a0\u00bboff\u00a0\u00bb button_two_border_width__hover_enabled=\u00a0\u00bboff\u00a0\u00bb button_border_color__hover_enabled=\u00a0\u00bboff\u00a0\u00bb button_one_border_color__hover_enabled=\u00a0\u00bboff\u00a0\u00bb button_two_border_color__hover_enabled=\u00a0\u00bboff\u00a0\u00bb button_border_radius__hover_enabled=\u00a0\u00bboff\u00a0\u00bb button_one_border_radius__hover_enabled=\u00a0\u00bboff\u00a0\u00bb button_two_border_radius__hover_enabled=\u00a0\u00bboff\u00a0\u00bb button_letter_spacing__hover_enabled=\u00a0\u00bboff\u00a0\u00bb button_one_letter_spacing__hover_enabled=\u00a0\u00bboff\u00a0\u00bb button_two_letter_spacing__hover_enabled=\u00a0\u00bboff\u00a0\u00bb button_bg_color__hover_enabled=\u00a0\u00bboff\u00a0\u00bb button_one_bg_color__hover_enabled=\u00a0\u00bboff\u00a0\u00bb button_two_bg_color__hover_enabled=\u00a0\u00bboff\u00a0\u00bb][\/et_pb_contact_field][et_pb_contact_field field_id=\u00a0\u00bbMessage\u00a0\u00bb field_title=\u00a0\u00bbMessage\u00a0\u00bb field_type=\u00a0\u00bbtext\u00a0\u00bb fullwidth_field=\u00a0\u00bbon\u00a0\u00bb _builder_version=\u00a0\u00bb3.16&Prime; button_text_size__hover_enabled=\u00a0\u00bboff\u00a0\u00bb button_one_text_size__hover_enabled=\u00a0\u00bboff\u00a0\u00bb button_two_text_size__hover_enabled=\u00a0\u00bboff\u00a0\u00bb button_text_color__hover_enabled=\u00a0\u00bboff\u00a0\u00bb button_one_text_color__hover_enabled=\u00a0\u00bboff\u00a0\u00bb button_two_text_color__hover_enabled=\u00a0\u00bboff\u00a0\u00bb button_border_width__hover_enabled=\u00a0\u00bboff\u00a0\u00bb button_one_border_width__hover_enabled=\u00a0\u00bboff\u00a0\u00bb button_two_border_width__hover_enabled=\u00a0\u00bboff\u00a0\u00bb button_border_color__hover_enabled=\u00a0\u00bboff\u00a0\u00bb button_one_border_color__hover_enabled=\u00a0\u00bboff\u00a0\u00bb button_two_border_color__hover_enabled=\u00a0\u00bboff\u00a0\u00bb button_border_radius__hover_enabled=\u00a0\u00bboff\u00a0\u00bb button_one_border_radius__hover_enabled=\u00a0\u00bboff\u00a0\u00bb button_two_border_radius__hover_enabled=\u00a0\u00bboff\u00a0\u00bb button_letter_spacing__hover_enabled=\u00a0\u00bboff\u00a0\u00bb button_one_letter_spacing__hover_enabled=\u00a0\u00bboff\u00a0\u00bb button_two_letter_spacing__hover_enabled=\u00a0\u00bboff\u00a0\u00bb button_bg_color__hover_enabled=\u00a0\u00bboff\u00a0\u00bb button_one_bg_color__hover_enabled=\u00a0\u00bboff\u00a0\u00bb button_two_bg_color__hover_enabled=\u00a0\u00bboff\u00a0\u00bb][\/et_pb_contact_field][\/et_pb_contact_form][\/et_pb_column][\/et_pb_row][\/et_pb_section][et_pb_section fb_built=\u00a0\u00bb1&Prime; _builder_version=\u00a0\u00bb4.8.2&Prime; _module_preset=\u00a0\u00bbdefault\u00a0\u00bb][et_pb_row _builder_version=\u00a0\u00bb4.8.2&Prime; _module_preset=\u00a0\u00bbdefault\u00a0\u00bb column_structure=\u00a0\u00bb1_2,1_2&Prime;][et_pb_column _builder_version=\u00a0\u00bb4.8.2&Prime; _module_preset=\u00a0\u00bbdefault\u00a0\u00bb type=\u00a0\u00bb1_2&Prime;][et_pb_code _builder_version=\u00a0\u00bb4.8.2&Prime; _module_preset=\u00a0\u00bbdefault\u00a0\u00bb hover_enabled=\u00a0\u00bb0&Prime; sticky_enabled=\u00a0\u00bb0&Prime;]<iframe src=\"https:\/\/www.google.com\/maps\/embed?pb=!1m18!1m12!1m3!1d38700.44816967715!2d5.078669920282988!3d43.86768272817318!2m3!1f0!2f0!3f0!3m2!1i1024!2i768!4f13.1!3m3!1m2!1s0x12ca080ac822cbe9%3A0xf921361446171230!2s290%20Chemin%20des%20Croix%20Rouges%2C%2084300%20Taillades!5e0!3m2!1sfr!2sfr!4v1614346002904!5m2!1sfr!2sfr\" width=\"800\" height=\"600\" style=\"border:0;\" allowfullscreen=\"\" loading=\"lazy\"><\/iframe>[\/et_pb_code][\/et_pb_column][et_pb_column _builder_version=\u00a0\u00bb4.8.2&Prime; _module_preset=\u00a0\u00bbdefault\u00a0\u00bb type=\u00a0\u00bb1_2&Prime;][\/et_pb_column][\/et_pb_row][\/et_pb_section]<\/p>\n","protected":false},"excerpt":{"rendered":"<p>Nous contacterVous avez-un projet ? N&rsquo;h\u00e9sitez pas \u00e0 me laisser un message. Je mettrai tout en oeuvre pour vous imag&rsquo;iner une communication \u00e0 votre image. Cath PARADIS &#8211; 06 07 96 59 33 290 chemin des Croix Rouge 84300 LES TAILLADES &nbsp; L&rsquo;artisan de votre communication<\/p>\n","protected":false},"author":1,"featured_media":0,"parent":0,"menu_order":3,"comment_status":"closed","ping_status":"closed","template":"","meta":{"_et_pb_use_builder":"on","_et_pb_old_content":"L'artisan de votre communication\r\n\r\n<img class=\"alignnone wp-image-233 \" src=\"https:\/\/studioimagin.com\/wp-content\/uploads\/2018\/03\/Logo-Imagin-studiodecreation-moyen.jpg\" alt=\"\" width=\"341\" height=\"70\" \/>\r\n\r\n<strong>Cath PARADIS<\/strong> - 06 07 96 59 33\r\n290 chemin des Croix Rouge - 84300 LES TAILLADES\r\ncontact@studioimagin.com","_et_gb_content_width":"","footnotes":""},"yoast_head":"<!-- This site is optimized with the Yoast SEO plugin v23.5 - https:\/\/yoast.com\/wordpress\/plugins\/seo\/ -->\n<title>Contact - Studio Imag&#039;in<\/title>\n<meta name=\"robots\" content=\"noindex, follow, max-snippet:-1, max-image-preview:large, max-video-preview:-1\" \/>\n<meta property=\"og:locale\" content=\"fr_FR\" \/>\n<meta property=\"og:type\" content=\"article\" \/>\n<meta property=\"og:title\" content=\"Contact - Studio Imag&#039;in\" \/>\n<meta property=\"og:description\" content=\"Nous contacterVous avez-un projet ? N&#039;h\u00e9sitez pas \u00e0 me laisser un message. Je mettrai tout en oeuvre pour vous imag&#039;iner une communication \u00e0 votre image. Cath PARADIS - 06 07 96 59 33 290 chemin des Croix Rouge 84300 LES TAILLADES &nbsp; L&#039;artisan de votre communication\" \/>\n<meta property=\"og:url\" content=\"https:\/\/studioimagin.com\/?page_id=174\" \/>\n<meta property=\"og:site_name\" content=\"Studio Imag&#039;in\" \/>\n<meta property=\"article:modified_time\" content=\"2021-02-26T14:36:33+00:00\" \/>\n<meta property=\"og:image\" content=\"https:\/\/studioimagin.com\/wp-content\/uploads\/2018\/03\/Logo-Imagin-studiodecreation-moyen.jpg\" \/>\n<meta name=\"twitter:card\" content=\"summary_large_image\" \/>\n<meta name=\"twitter:label1\" content=\"Dur\u00e9e de lecture estim\u00e9e\" \/>\n\t<meta name=\"twitter:data1\" content=\"6 minutes\" \/>\n<script type=\"application\/ld+json\" class=\"yoast-schema-graph\">{\"@context\":\"https:\/\/schema.org\",\"@graph\":[{\"@type\":\"WebPage\",\"@id\":\"https:\/\/studioimagin.com\/?page_id=174\",\"url\":\"https:\/\/studioimagin.com\/?page_id=174\",\"name\":\"Contact - Studio Imag&#039;in\",\"isPartOf\":{\"@id\":\"https:\/\/studioimagin.com\/#website\"},\"primaryImageOfPage\":{\"@id\":\"https:\/\/studioimagin.com\/?page_id=174#primaryimage\"},\"image\":{\"@id\":\"https:\/\/studioimagin.com\/?page_id=174#primaryimage\"},\"thumbnailUrl\":\"https:\/\/studioimagin.com\/wp-content\/uploads\/2018\/03\/Logo-Imagin-studiodecreation-moyen.jpg\",\"datePublished\":\"2018-03-02T13:15:47+00:00\",\"dateModified\":\"2021-02-26T14:36:33+00:00\",\"breadcrumb\":{\"@id\":\"https:\/\/studioimagin.com\/?page_id=174#breadcrumb\"},\"inLanguage\":\"fr-FR\",\"potentialAction\":[{\"@type\":\"ReadAction\",\"target\":[\"https:\/\/studioimagin.com\/?page_id=174\"]}]},{\"@type\":\"ImageObject\",\"inLanguage\":\"fr-FR\",\"@id\":\"https:\/\/studioimagin.com\/?page_id=174#primaryimage\",\"url\":\"https:\/\/studioimagin.com\/wp-content\/uploads\/2018\/03\/Logo-Imagin-studiodecreation-moyen.jpg\",\"contentUrl\":\"https:\/\/studioimagin.com\/wp-content\/uploads\/2018\/03\/Logo-Imagin-studiodecreation-moyen.jpg\",\"width\":500,\"height\":103},{\"@type\":\"BreadcrumbList\",\"@id\":\"https:\/\/studioimagin.com\/?page_id=174#breadcrumb\",\"itemListElement\":[{\"@type\":\"ListItem\",\"position\":1,\"name\":\"Accueil\",\"item\":\"https:\/\/studioimagin.com\/\"},{\"@type\":\"ListItem\",\"position\":2,\"name\":\"Contact\"}]},{\"@type\":\"WebSite\",\"@id\":\"https:\/\/studioimagin.com\/#website\",\"url\":\"https:\/\/studioimagin.com\/\",\"name\":\"Studio Imag&#039;in\",\"description\":\"Agence de communication, publicit\u00e9, cr\u00e9ation visuelle\",\"potentialAction\":[{\"@type\":\"SearchAction\",\"target\":{\"@type\":\"EntryPoint\",\"urlTemplate\":\"https:\/\/studioimagin.com\/?s={search_term_string}\"},\"query-input\":{\"@type\":\"PropertyValueSpecification\",\"valueRequired\":true,\"valueName\":\"search_term_string\"}}],\"inLanguage\":\"fr-FR\"}]}<\/script>\n<!-- \/ Yoast SEO plugin. -->","yoast_head_json":{"title":"Contact - Studio Imag&#039;in","robots":{"index":"noindex","follow":"follow","max-snippet":"max-snippet:-1","max-image-preview":"max-image-preview:large","max-video-preview":"max-video-preview:-1"},"og_locale":"fr_FR","og_type":"article","og_title":"Contact - Studio Imag&#039;in","og_description":"Nous contacterVous avez-un projet ? N'h\u00e9sitez pas \u00e0 me laisser un message. Je mettrai tout en oeuvre pour vous imag'iner une communication \u00e0 votre image. Cath PARADIS - 06 07 96 59 33 290 chemin des Croix Rouge 84300 LES TAILLADES &nbsp; L'artisan de votre communication","og_url":"https:\/\/studioimagin.com\/?page_id=174","og_site_name":"Studio Imag&#039;in","article_modified_time":"2021-02-26T14:36:33+00:00","og_image":[{"url":"https:\/\/studioimagin.com\/wp-content\/uploads\/2018\/03\/Logo-Imagin-studiodecreation-moyen.jpg"}],"twitter_card":"summary_large_image","twitter_misc":{"Dur\u00e9e de lecture estim\u00e9e":"6 minutes"},"schema":{"@context":"https:\/\/schema.org","@graph":[{"@type":"WebPage","@id":"https:\/\/studioimagin.com\/?page_id=174","url":"https:\/\/studioimagin.com\/?page_id=174","name":"Contact - Studio Imag&#039;in","isPartOf":{"@id":"https:\/\/studioimagin.com\/#website"},"primaryImageOfPage":{"@id":"https:\/\/studioimagin.com\/?page_id=174#primaryimage"},"image":{"@id":"https:\/\/studioimagin.com\/?page_id=174#primaryimage"},"thumbnailUrl":"https:\/\/studioimagin.com\/wp-content\/uploads\/2018\/03\/Logo-Imagin-studiodecreation-moyen.jpg","datePublished":"2018-03-02T13:15:47+00:00","dateModified":"2021-02-26T14:36:33+00:00","breadcrumb":{"@id":"https:\/\/studioimagin.com\/?page_id=174#breadcrumb"},"inLanguage":"fr-FR","potentialAction":[{"@type":"ReadAction","target":["https:\/\/studioimagin.com\/?page_id=174"]}]},{"@type":"ImageObject","inLanguage":"fr-FR","@id":"https:\/\/studioimagin.com\/?page_id=174#primaryimage","url":"https:\/\/studioimagin.com\/wp-content\/uploads\/2018\/03\/Logo-Imagin-studiodecreation-moyen.jpg","contentUrl":"https:\/\/studioimagin.com\/wp-content\/uploads\/2018\/03\/Logo-Imagin-studiodecreation-moyen.jpg","width":500,"height":103},{"@type":"BreadcrumbList","@id":"https:\/\/studioimagin.com\/?page_id=174#breadcrumb","itemListElement":[{"@type":"ListItem","position":1,"name":"Accueil","item":"https:\/\/studioimagin.com\/"},{"@type":"ListItem","position":2,"name":"Contact"}]},{"@type":"WebSite","@id":"https:\/\/studioimagin.com\/#website","url":"https:\/\/studioimagin.com\/","name":"Studio Imag&#039;in","description":"Agence de communication, publicit\u00e9, cr\u00e9ation visuelle","potentialAction":[{"@type":"SearchAction","target":{"@type":"EntryPoint","urlTemplate":"https:\/\/studioimagin.com\/?s={search_term_string}"},"query-input":{"@type":"PropertyValueSpecification","valueRequired":true,"valueName":"search_term_string"}}],"inLanguage":"fr-FR"}]}},"_links":{"self":[{"href":"https:\/\/studioimagin.com\/index.php?rest_route=\/wp\/v2\/pages\/174"}],"collection":[{"href":"https:\/\/studioimagin.com\/index.php?rest_route=\/wp\/v2\/pages"}],"about":[{"href":"https:\/\/studioimagin.com\/index.php?rest_route=\/wp\/v2\/types\/page"}],"author":[{"embeddable":true,"href":"https:\/\/studioimagin.com\/index.php?rest_route=\/wp\/v2\/users\/1"}],"replies":[{"embeddable":true,"href":"https:\/\/studioimagin.com\/index.php?rest_route=%2Fwp%2Fv2%2Fcomments&post=174"}],"version-history":[{"count":1,"href":"https:\/\/studioimagin.com\/index.php?rest_route=\/wp\/v2\/pages\/174\/revisions"}],"predecessor-version":[{"id":443,"href":"https:\/\/studioimagin.com\/index.php?rest_route=\/wp\/v2\/pages\/174\/revisions\/443"}],"wp:attachment":[{"href":"https:\/\/studioimagin.com\/index.php?rest_route=%2Fwp%2Fv2%2Fmedia&parent=174"}],"curies":[{"name":"wp","href":"https:\/\/api.w.org\/{rel}","templated":true}]}}